{"id":8614,"date":"2022-04-24T22:34:44","date_gmt":"2022-04-24T22:34:44","guid":{"rendered":"https:\/\/www.facetofacehealthy.com\/career\/"},"modified":"2022-07-22T16:25:39","modified_gmt":"2022-07-22T16:25:39","slug":"career","status":"publish","type":"page","link":"https:\/\/www.istanbulhospital.com.tr\/en\/career\/","title":{"rendered":"Career"},"content":{"rendered":"<script type=\"text\/javascript\">var gform;gform||(document.addEventListener(\"gform_main_scripts_loaded\",function(){gform.scriptsLoaded=!0}),window.addEventListener(\"DOMContentLoaded\",function(){gform.domLoaded=!0}),gform={domLoaded:!1,scriptsLoaded:!1,initializeOnLoaded:function(o){gform.domLoaded&&gform.scriptsLoaded?o():!gform.domLoaded&&gform.scriptsLoaded?window.addEventListener(\"DOMContentLoaded\",o):document.addEventListener(\"gform_main_scripts_loaded\",o)},hooks:{action:{},filter:{}},addAction:function(o,n,r,t){gform.addHook(\"action\",o,n,r,t)},addFilter:function(o,n,r,t){gform.addHook(\"filter\",o,n,r,t)},doAction:function(o){gform.doHook(\"action\",o,arguments)},applyFilters:function(o){return gform.doHook(\"filter\",o,arguments)},removeAction:function(o,n){gform.removeHook(\"action\",o,n)},removeFilter:function(o,n,r){gform.removeHook(\"filter\",o,n,r)},addHook:function(o,n,r,t,i){null==gform.hooks[o][n]&&(gform.hooks[o][n]=[]);var e=gform.hooks[o][n];null==i&&(i=n+\"_\"+e.length),gform.hooks[o][n].push({tag:i,callable:r,priority:t=null==t?10:t})},doHook:function(n,o,r){var t;if(r=Array.prototype.slice.call(r,1),null!=gform.hooks[n][o]&&((o=gform.hooks[n][o]).sort(function(o,n){return o.priority-n.priority}),o.forEach(function(o){\"function\"!=typeof(t=o.callable)&&(t=window[t]),\"action\"==n?t.apply(null,r):r[0]=t.apply(null,r)})),\"filter\"==n)return r[0]},removeHook:function(o,n,t,i){var r;null!=gform.hooks[o][n]&&(r=(r=gform.hooks[o][n]).filter(function(o,n,r){return!!(null!=i&&i!=o.tag||null!=t&&t!=o.priority)}),gform.hooks[o][n]=r)}});<\/script>\n                <div class='gf_browser_gecko gform_wrapper gravity-theme' id='gform_wrapper_3' >\n                        <div class='gform_heading'>\n                            <span class='gform_description'><\/span>\n                        <\/div><form method='post' enctype='multipart\/form-data'  id='gform_3'  action='\/en\/wp-json\/wp\/v2\/pages\/8614' >\n                        <div class='gform_body gform-body'><div id='gform_fields_3' class='gform_fields top_label form_sublabel_below description_below'><div id=\"field_3_1\"  class=\"gfield field_sublabel_below field_description_below gfield_visibility_visible\"  data-js-reload=\"field_3_1\"><label class='gfield_label' for='input_3_1' >Ad Soyad<\/label><div class='ginput_container ginput_container_text'><input name='input_1' id='input_3_1' type='text' value='' class='large'      aria-invalid=\"false\"   \/> <\/div><\/div><div id=\"field_3_3\"  class=\"gfield field_sublabel_below field_description_below gfield_visibility_visible\"  data-js-reload=\"field_3_3\"><label class='gfield_label' for='input_3_3' >E-Posta<\/label><div class='ginput_container ginput_container_text'><input name='input_3' id='input_3_3' type='text' value='' class='large'      aria-invalid=\"false\"   \/> <\/div><\/div><div id=\"field_3_4\"  class=\"gfield field_sublabel_below field_description_below gfield_visibility_visible\"  data-js-reload=\"field_3_4\"><label class='gfield_label' for='input_3_4' >Konu<\/label><div class='ginput_container ginput_container_text'><input name='input_4' id='input_3_4' type='text' value='' class='large'      aria-invalid=\"false\"   \/> <\/div><\/div><div id=\"field_3_5\"  class=\"gfield gfield--width-full field_sublabel_below field_description_below gfield_visibility_visible\"  data-js-reload=\"field_3_5\"><label class='gfield_label' for='input_3_5' >\u0130letiniz (Tercihe Ba\u011fl\u0131)<\/label><div class='ginput_container ginput_container_textarea'><textarea name='input_5' id='input_3_5' class='textarea large'      aria-invalid=\"false\"   rows='10' cols='50'><\/textarea><\/div><\/div><div id=\"field_3_8\"  class=\"gfield gfield--width-full field_sublabel_below field_description_below gfield_visibility_visible\"  data-js-reload=\"field_3_8\"><label class='gfield_label' for='gform_browse_button_3_8' >CV&#039;nizi Y\u00fckleyin.<\/label><div class='ginput_container ginput_container_fileupload'><div id='gform_multifile_upload_3_8' data-settings='{&quot;runtimes&quot;:&quot;html5,flash,html4&quot;,&quot;browse_button&quot;:&quot;gform_browse_button_3_8&quot;,&quot;container&quot;:&quot;gform_multifile_upload_3_8&quot;,&quot;drop_element&quot;:&quot;gform_drag_drop_area_3_8&quot;,&quot;filelist&quot;:&quot;gform_preview_3_8&quot;,&quot;unique_names&quot;:true,&quot;file_data_name&quot;:&quot;file&quot;,&quot;url&quot;:&quot;https:\\\/\\\/www.istanbulhospital.com.tr\\\/?gf_page=c6a56abaf7ee558&quot;,&quot;flash_swf_url&quot;:&quot;https:\\\/\\\/www.istanbulhospital.com.tr\\\/wp-includes\\\/js\\\/plupload\\\/plupload.flash.swf&quot;,&quot;silverlight_xap_url&quot;:&quot;https:\\\/\\\/www.istanbulhospital.com.tr\\\/wp-includes\\\/js\\\/plupload\\\/plupload.silverlight.xap&quot;,&quot;filters&quot;:{&quot;mime_types&quot;:[{&quot;title&quot;:&quot;Allowed Files&quot;,&quot;extensions&quot;:&quot;pdf&quot;}],&quot;max_file_size&quot;:&quot;134217728b&quot;},&quot;multipart&quot;:true,&quot;urlstream_upload&quot;:false,&quot;multipart_params&quot;:{&quot;form_id&quot;:3,&quot;field_id&quot;:8},&quot;gf_vars&quot;:{&quot;max_files&quot;:&quot;20&quot;,&quot;message_id&quot;:&quot;gform_multifile_messages_3_8&quot;,&quot;disallowed_extensions&quot;:[&quot;php&quot;,&quot;asp&quot;,&quot;aspx&quot;,&quot;cmd&quot;,&quot;csh&quot;,&quot;bat&quot;,&quot;html&quot;,&quot;htm&quot;,&quot;hta&quot;,&quot;jar&quot;,&quot;exe&quot;,&quot;com&quot;,&quot;js&quot;,&quot;lnk&quot;,&quot;htaccess&quot;,&quot;phtml&quot;,&quot;ps1&quot;,&quot;ps2&quot;,&quot;php3&quot;,&quot;php4&quot;,&quot;php5&quot;,&quot;php6&quot;,&quot;py&quot;,&quot;rb&quot;,&quot;tmp&quot;]}}' class='gform_fileupload_multifile'>\n\t\t\t\t\t\t\t\t\t\t<div id='gform_drag_drop_area_3_8' class='gform_drop_area'>\n\t\t\t\t\t\t\t\t\t\t\t<span class='gform_drop_instructions'>Drop files here or <\/span>\n\t\t\t\t\t\t\t\t\t\t\t<button type='button' id='gform_browse_button_3_8' class='button gform_button_select_files' aria-describedby=\"gfield_upload_rules_3_8\"  >Select files<\/button>\n\t\t\t\t\t\t\t\t\t\t<\/div>\n\t\t\t\t\t\t\t\t\t<\/div><span class='gform_fileupload_rules' id='gfield_upload_rules_3_8'>Accepted file types: pdf, Max. file size: 128 MB, Max. files: 20.<\/span><ul class='validation_message validation_message--hidden-on-empty gfield_validation_message gform-ul-reset' id='gform_multifile_messages_3_8'><\/ul> <!-- Leave <ul> empty to support CSS :empty selector. --><\/div><div id='gform_preview_3_8'><\/div><\/div><\/div><\/div>\n        <div class='gform_footer top_label'> <input type='submit' id='gform_submit_button_3' class='gform_button button' value='G\u00f6nder'  onclick='if(window[\"gf_submitting_3\"]){return false;}  window[\"gf_submitting_3\"]=true;  ' onkeypress='if( event.keyCode == 13 ){ if(window[\"gf_submitting_3\"]){return false;} window[\"gf_submitting_3\"]=true;  jQuery(\"#gform_3\").trigger(\"submit\",[true]); }' \/> \n            <input type='hidden' class='gform_hidden' name='is_submit_3' value='1' \/>\n            <input type='hidden' class='gform_hidden' name='gform_submit' value='3' \/>\n            \n            <input type='hidden' class='gform_hidden' name='gform_unique_id' value='' \/>\n            <input type='hidden' class='gform_hidden' name='state_3' value='WyJbXSIsImNlOWExMmI3OTkxNGFhNmUxZDJmNGEzZmNmOTNjZDg3Il0=' \/>\n            <input type='hidden' class='gform_hidden' name='gform_target_page_number_3' id='gform_target_page_number_3' value='0' \/>\n            <input type='hidden' class='gform_hidden' name='gform_source_page_number_3' id='gform_source_page_number_3' value='1' \/>\n            <input type='hidden' name='gform_field_values' value='' \/>\n            <input type='hidden' name='gform_uploaded_files' id='gform_uploaded_files_3' value='' \/>\n        <\/div>\n                        <\/form>\n                        <\/div>","protected":false},"excerpt":{"rendered":"","protected":false},"author":1,"featured_media":0,"parent":0,"menu_order":0,"comment_status":"closed","ping_status":"closed","template":"","meta":{"footnotes":""},"class_list":["post-8614","page","type-page","status-publish","hentry","cms-no-post-thumbnail"],"_links":{"self":[{"href":"https:\/\/www.istanbulhospital.com.tr\/en\/wp-json\/wp\/v2\/pages\/8614","targetHints":{"allow":["GET"]}}],"collection":[{"href":"https:\/\/www.istanbulhospital.com.tr\/en\/wp-json\/wp\/v2\/pages"}],"about":[{"href":"https:\/\/www.istanbulhospital.com.tr\/en\/wp-json\/wp\/v2\/types\/page"}],"author":[{"embeddable":true,"href":"https:\/\/www.istanbulhospital.com.tr\/en\/wp-json\/wp\/v2\/users\/1"}],"replies":[{"embeddable":true,"href":"https:\/\/www.istanbulhospital.com.tr\/en\/wp-json\/wp\/v2\/comments?post=8614"}],"version-history":[{"count":0,"href":"https:\/\/www.istanbulhospital.com.tr\/en\/wp-json\/wp\/v2\/pages\/8614\/revisions"}],"wp:attachment":[{"href":"https:\/\/www.istanbulhospital.com.tr\/en\/wp-json\/wp\/v2\/media?parent=8614"}],"curies":[{"name":"wp","href":"https:\/\/api.w.org\/{rel}","templated":true}]}}